{"id":1345,"date":"2021-05-30T10:10:06","date_gmt":"2021-05-30T08:10:06","guid":{"rendered":"http:\/\/unfestivalavillereal.org\/?page_id=1345"},"modified":"2021-06-21T22:05:24","modified_gmt":"2021-06-21T20:05:24","slug":"lincroyable-matin","status":"publish","type":"page","link":"https:\/\/unfestivalavillereal.org\/index.php\/lincroyable-matin\/","title":{"rendered":"L&rsquo;incroyable matin"},"content":{"rendered":"\n<p>Lecture-cauchemar du diptyque de <strong>Nicolas Doutey<\/strong><br>Mise en espace <strong>Sarah Calcine \u2014 Compagnie Boule \u00e0 facette<\/strong><br>Dramaturgie <strong>Florian Opillard<\/strong><br>Avec <strong>Laurent Cogez<\/strong>, <strong>Danae Dario<\/strong>, <strong>Arthur Viadieu<\/strong><\/p>\n\n\n\n<p>Un incroyable matin \u00e0 Viller\u00e9al, nous avons rendez-vous pour un repas en commun. Quel bonheur de se retrouver, n\u2019est-ce pas ? Cela faisait si longtemps.<br>Trois \u00eatres nous accueillent et nous pr\u00e9parent un bon boeuf au gingembre. Ils en ont aussi profit\u00e9 pour jouer leurs r\u00f4les \u00e0 pile ou face dans cette pi\u00e8ce qui va visiblement de travers.<br>Mais pas d\u2019inqui\u00e9tude, rien n\u2019a encore commenc\u00e9 !<\/p>\n\n\n\n<p>Sarah commencera aussi \u00e0 travailler avec Florian sur leur prochain projet de spectacle autour du <em>tomason<\/em> (concept g\u00e9ographique), et des liens entre la g\u00e9ographie et le th\u00e9\u00e2tre.<\/p>\n\n\n\n<p><strong>Les 3, 4, 5 et 8 juillet \u00e0 11h et les 6 et 9 juillet \u00e0 23h30<\/strong><\/p>\n\n\n\n<p>Dur\u00e9e : 60 min<\/p>\n","protected":false},"excerpt":{"rendered":"<p>Lecture-cauchemar du diptyque de Nicolas DouteyMise en espace Sarah Calcine \u2014 Compagnie Boule \u00e0 facetteDramaturgie Florian OpillardAvec Laurent Cogez, Danae Dario, Arthur Viadieu Un incroyable matin \u00e0 Viller\u00e9al, nous avons rendez-vous pour un repas en commun. Quel bonheur de se retrouver, n\u2019est-ce pas ? Cela faisait si longtemps.Trois \u00eatres nous accueillent et nous pr\u00e9parent un &hellip; <\/p>\n<p class=\"link-more\"><a href=\"https:\/\/unfestivalavillereal.org\/index.php\/lincroyable-matin\/\" class=\"more-link\">Continuer la lecture<span class=\"screen-reader-text\"> de &laquo;&nbsp;L&rsquo;incroyable matin&nbsp;&raquo;<\/span><\/a><\/p>\n","protected":false},"author":1,"featured_media":0,"parent":0,"menu_order":0,"comment_status":"closed","ping_status":"closed","template":"","meta":[],"_links":{"self":[{"href":"https:\/\/unfestivalavillereal.org\/index.php\/wp-json\/wp\/v2\/pages\/1345"}],"collection":[{"href":"https:\/\/unfestivalavillereal.org\/index.php\/wp-json\/wp\/v2\/pages"}],"about":[{"href":"https:\/\/unfestivalavillereal.org\/index.php\/wp-json\/wp\/v2\/types\/page"}],"author":[{"embeddable":true,"href":"https:\/\/unfestivalavillereal.org\/index.php\/wp-json\/wp\/v2\/users\/1"}],"replies":[{"embeddable":true,"href":"https:\/\/unfestivalavillereal.org\/index.php\/wp-json\/wp\/v2\/comments?post=1345"}],"version-history":[{"count":5,"href":"https:\/\/unfestivalavillereal.org\/index.php\/wp-json\/wp\/v2\/pages\/1345\/revisions"}],"predecessor-version":[{"id":1414,"href":"https:\/\/unfestivalavillereal.org\/index.php\/wp-json\/wp\/v2\/pages\/1345\/revisions\/1414"}],"wp:attachment":[{"href":"https:\/\/unfestivalavillereal.org\/index.php\/wp-json\/wp\/v2\/media?parent=1345"}],"curies":[{"name":"wp","href":"https:\/\/api.w.org\/{rel}","templated":true}]}}