{"id":1360,"date":"2021-06-03T17:54:25","date_gmt":"2021-06-03T15:54:25","guid":{"rendered":"http:\/\/unfestivalavillereal.org\/?page_id=1360"},"modified":"2026-03-12T11:07:50","modified_gmt":"2026-03-12T09:07:50","slug":"__trashed-4","status":"publish","type":"page","link":"https:\/\/unfestivalavillereal.org\/","title":{"rendered":"NOUVEAU SITE"},"content":{"rendered":"\n<p>Retrouvez toutes les informations concernant l&rsquo;association VOUS \u00caTES ICI et UN FESTIVAL \u00c0 VILLER\u00c9AL sur notre nouveau site :<\/p>\n\n\n\n<p><strong><a href=\"http:\/\/www.vousetesici.org\" data-type=\"URL\" data-id=\"www.vousetesici.org\">www.vousetesici.org<\/a><\/strong><\/p>\n\n\n\n<figure class=\"wp-block-image size-full\"><a href=\"https:\/\/www.vousetesici.org\/\"><img loading=\"lazy\" width=\"511\" height=\"512\" src=\"https:\/\/unfestivalavillereal.org\/wp-content\/uploads\/2026\/03\/V2.png\" alt=\"\" class=\"wp-image-2207\" srcset=\"https:\/\/unfestivalavillereal.org\/wp-content\/uploads\/2026\/03\/V2.png 511w, https:\/\/unfestivalavillereal.org\/wp-content\/uploads\/2026\/03\/V2-300x300.png 300w, https:\/\/unfestivalavillereal.org\/wp-content\/uploads\/2026\/03\/V2-150x150.png 150w, https:\/\/unfestivalavillereal.org\/wp-content\/uploads\/2026\/03\/V2-100x100.png 100w\" sizes=\"(max-width: 511px) 100vw, 511px\" \/><\/a><\/figure>\n","protected":false},"excerpt":{"rendered":"<p>Retrouvez toutes les informations concernant l&rsquo;association VOUS \u00caTES ICI et UN FESTIVAL \u00c0 VILLER\u00c9AL sur notre nouveau site : www.vousetesici.org<\/p>\n","protected":false},"author":1,"featured_media":0,"parent":0,"menu_order":0,"comment_status":"closed","ping_status":"closed","template":"","meta":[],"_links":{"self":[{"href":"https:\/\/unfestivalavillereal.org\/index.php\/wp-json\/wp\/v2\/pages\/1360"}],"collection":[{"href":"https:\/\/unfestivalavillereal.org\/index.php\/wp-json\/wp\/v2\/pages"}],"about":[{"href":"https:\/\/unfestivalavillereal.org\/index.php\/wp-json\/wp\/v2\/types\/page"}],"author":[{"embeddable":true,"href":"https:\/\/unfestivalavillereal.org\/index.php\/wp-json\/wp\/v2\/users\/1"}],"replies":[{"embeddable":true,"href":"https:\/\/unfestivalavillereal.org\/index.php\/wp-json\/wp\/v2\/comments?post=1360"}],"version-history":[{"count":94,"href":"https:\/\/unfestivalavillereal.org\/index.php\/wp-json\/wp\/v2\/pages\/1360\/revisions"}],"predecessor-version":[{"id":2212,"href":"https:\/\/unfestivalavillereal.org\/index.php\/wp-json\/wp\/v2\/pages\/1360\/revisions\/2212"}],"wp:attachment":[{"href":"https:\/\/unfestivalavillereal.org\/index.php\/wp-json\/wp\/v2\/media?parent=1360"}],"curies":[{"name":"wp","href":"https:\/\/api.w.org\/{rel}","templated":true}]}}