{"id":1594,"date":"2022-06-20T17:17:42","date_gmt":"2022-06-20T15:17:42","guid":{"rendered":"https:\/\/unfestivalavillereal.org\/?page_id=1594"},"modified":"2022-06-23T17:45:08","modified_gmt":"2022-06-23T15:45:08","slug":"kore-la-premiere-garde-alternee-de-lhumanite","status":"publish","type":"page","link":"https:\/\/unfestivalavillereal.org\/index.php\/kore-la-premiere-garde-alternee-de-lhumanite\/","title":{"rendered":"KORE, la premi\u00e8re garde altern\u00e9e de l&rsquo;humanit\u00e9"},"content":{"rendered":"\n<p><strong>de Vladia Merlet, Le bruit des Ombres<\/strong><\/p>\n\n\n\n<p>Kor\u00e9 est un texte th\u00e9\u00e2tral contemporain destin\u00e9 au jeune public et inspir\u00e9 du mythe de Pers\u00e9phone. Il&nbsp; met en sc\u00e8ne l\u2019histoire d\u2019une jeune fille prisonni\u00e8re d\u2019un sombre jardin qui doit composer avec une&nbsp; m\u00e8re distraite et un p\u00e8re possessif. Avec l\u2019aide de Ruby, un jeune activiste, Kor\u00e9 va s\u2019affranchir de ses&nbsp; peurs et partir en qu\u00eate de ses origines. \u00c0 travers ce voyage, elle met les adultes face aux&nbsp; cons\u00e9quences de leurs actes pour qu\u2019un \u00e9quilibre \u00e9cologique revienne sur Terre.&nbsp;<\/p>\n\n\n\n<p>Sous la forme d\u2019un road-movie th\u00e9\u00e2tral, cette histoire nous invite \u00e0 nous questionner sur la place des&nbsp; enfants, des adultes et de leurs responsabilit\u00e9s.&nbsp;<\/p>\n\n\n\n<p>Sauver le grenier du monde ou r\u00e9concilier des parents f\u00e2ch\u00e9s : peut-on confier cette t\u00e2che \u00e0 des&nbsp; enfants ?&nbsp;<\/p>\n\n\n\n<p>Ce spectacle se joue en bi-frontal dans un dispositif immersif autonome qui permet la projection&nbsp; d&rsquo;images \u00e0 partir de techniques low-tech et la diffusion sonore en quadriphonie. Le public est invit\u00e9 sur&nbsp; le terrain de jeu de l&rsquo;acteur en tant que t\u00e9moin actif et privil\u00e9gi\u00e9.&nbsp;<\/p>\n\n\n\n<p>\u00c9criture et mise en sc\u00e8ne | Vladia Merlet<br>Cr\u00e9ation sonore, live electronics | David Cabiac<br>Cr\u00e9ation lumi\u00e8re | V\u00e9ronique Bridier<br>R\u00e9gisseur en tourn\u00e9e | David Cabiac Accessoires, jeux d\u2019ombre, dessins | Polina Borisova<br>Construction | Vincent Lahens<br>Assistant \u00e0 la mise en sc\u00e8ne et dramaturgie | Daniel Blanchard<br>Accompagnement corporel | Sylvie Balestra<br>Conseil technique autour de la bo\u00eete de th\u00e9\u00e2tre optique | Olivier Vallet<br>Costumes | Marion Gu\u00e9rin<br>Maquillage | Carole Anquetil<br>Distribution | L\u00e9a Douziech (en double distribution avec Eve Pereur), Pierre de Brancion (en double distribution avec Rom\u00e9o Mariani), Iris Trystram, David Cabiac<br>Visuel | Romane Laulan<br>Photos | LBDO et F. L\u00e9pissier<br>Charg\u00e9e de d\u00e9veloppement l Filigrane Fabrik, Catherine Siriphoum<\/p>\n\n\n\n<p><strong>Mentions obligatoires&nbsp;<\/strong><\/p>\n\n\n\n<p>Production | le Bruit des Ombres&nbsp;<\/p>\n\n\n\n<p>Coproductions&nbsp;<\/p>\n\n\n\n<p>l\u2019OARA, ODRADEK &#8211; P\u00f4le de cr\u00e9ation et d\u00e9veloppement pour les arts de la marionnette de Quint Fonsegrives (31), l\u2019Espace d\u2019Albret de N\u00e9rac (47), le Th\u00e9\u00e2tre Ducourneau d\u2019Agen (47), le Centre&nbsp; Culturel de Sarlat (24), le P\u00f4le de Marsan de Mont-de-Marsan (40), L\u2019Union R\u00e9gionale des Foyers&nbsp; Ruraux du Poitou-Charentes et de son P\u00f4le Culturel R\u00e9gional des Arts de la Parole et des \u00c9critures&nbsp; Contemporaines &#8211; le Moulin du Marais \u00e0 Lezay (79), Cie Florence Lavaud \/ Chantier Th\u00e9\u00e2tre \u00e0 St&nbsp; Paul-de-Serre, Dispositif Jeune Public Instant T\u2019 avec le soutien de la DRAC&nbsp;<\/p>\n\n\n\n<p>Soutiens institutionnels&nbsp;<\/p>\n\n\n\n<p>La DRAC Nouvelle-Aquitaine, la R\u00e9gion Nouvelle-Aquitaine, l\u2019OARA, le Conseil D\u00e9partemental de Lot et-Garonne, l\u2019ADAMI, le FIJAD&nbsp;<\/p>\n\n\n\n<p>Partenaires&nbsp;<\/p>\n\n\n\n<p>Le P\u00f4le Sud de Saint-Vincent-de-Tyrosse en partenariat avec la MACS (40), le Th\u00e9\u00e2tre du Clo\u00eetre&nbsp; de Bellac (87), avec le soutien de l\u2019Union R\u00e9gionale des Foyers Ruraux du Poitou-Charentes et de&nbsp; son P\u00f4le Culturel R\u00e9gional des Arts de la Parole et des \u00c9critures Contemporaines &#8211; le Moulin du&nbsp; Marais \u00e0 Lezay (79), la Maison des Arts de Brioux-sur-Boutonne (79), le Lieu Chantier Th\u00e9\u00e2tre &#8211; P\u00f4le&nbsp; de Cr\u00e9ation pour l&rsquo;Enfance et la Jeunesse de Saint-Paul-de-Serre (24)&nbsp;<\/p>\n\n\n\n<p>Spectacle en co-r\u00e9alisation avec l\u2019OARA&nbsp;<\/p>\n\n\n\n<p><strong>le 5 juillet, <\/strong>\u00e0 10h &amp; 17h<\/p>\n\n\n\n<p><strong>Dur\u00e9e <\/strong>50&prime;  <\/p>\n","protected":false},"excerpt":{"rendered":"<p>de Vladia Merlet, Le bruit des Ombres Kor\u00e9 est un texte th\u00e9\u00e2tral contemporain destin\u00e9 au jeune public et inspir\u00e9 du mythe de Pers\u00e9phone. Il&nbsp; met en sc\u00e8ne l\u2019histoire d\u2019une jeune fille prisonni\u00e8re d\u2019un sombre jardin qui doit composer avec une&nbsp; m\u00e8re distraite et un p\u00e8re possessif. Avec l\u2019aide de Ruby, un jeune activiste, Kor\u00e9 va &hellip; <\/p>\n<p class=\"link-more\"><a href=\"https:\/\/unfestivalavillereal.org\/index.php\/kore-la-premiere-garde-alternee-de-lhumanite\/\" class=\"more-link\">Continuer la lecture<span class=\"screen-reader-text\"> de &laquo;&nbsp;KORE, la premi\u00e8re garde altern\u00e9e de l&rsquo;humanit\u00e9&nbsp;&raquo;<\/span><\/a><\/p>\n","protected":false},"author":1,"featured_media":0,"parent":0,"menu_order":0,"comment_status":"closed","ping_status":"closed","template":"","meta":[],"_links":{"self":[{"href":"https:\/\/unfestivalavillereal.org\/index.php\/wp-json\/wp\/v2\/pages\/1594"}],"collection":[{"href":"https:\/\/unfestivalavillereal.org\/index.php\/wp-json\/wp\/v2\/pages"}],"about":[{"href":"https:\/\/unfestivalavillereal.org\/index.php\/wp-json\/wp\/v2\/types\/page"}],"author":[{"embeddable":true,"href":"https:\/\/unfestivalavillereal.org\/index.php\/wp-json\/wp\/v2\/users\/1"}],"replies":[{"embeddable":true,"href":"https:\/\/unfestivalavillereal.org\/index.php\/wp-json\/wp\/v2\/comments?post=1594"}],"version-history":[{"count":3,"href":"https:\/\/unfestivalavillereal.org\/index.php\/wp-json\/wp\/v2\/pages\/1594\/revisions"}],"predecessor-version":[{"id":1696,"href":"https:\/\/unfestivalavillereal.org\/index.php\/wp-json\/wp\/v2\/pages\/1594\/revisions\/1696"}],"wp:attachment":[{"href":"https:\/\/unfestivalavillereal.org\/index.php\/wp-json\/wp\/v2\/media?parent=1594"}],"curies":[{"name":"wp","href":"https:\/\/api.w.org\/{rel}","templated":true}]}}