{"id":1599,"date":"2022-06-20T12:43:51","date_gmt":"2022-06-20T10:43:51","guid":{"rendered":"https:\/\/unfestivalavillereal.org\/?page_id=1599"},"modified":"2022-10-05T17:01:19","modified_gmt":"2022-10-05T15:01:19","slug":"a-la-recherche-de-la-troisieme-fougeres-a-droite","status":"publish","type":"page","link":"https:\/\/unfestivalavillereal.org\/index.php\/a-la-recherche-de-la-troisieme-fougeres-a-droite\/","title":{"rendered":"A LA RECHERCHE DE LA TROISI\u00c8ME FOUG\u00c8RE A DROITE"},"content":{"rendered":"\n<p>de <strong>PRIS DANS LES PHARES<\/strong><\/p>\n\n\n\n<p>\u00ab Je quitte tout, je m&rsquo;installe dans une cabane au fond des bois \u00bb.<br>Tandis que poussent partout des initiatives \u00e9cologiques, nous avons envie de<br>questionner notre capacit\u00e9 de passer \u00e0 l\u2019action. C\u2019est l\u2019\u00e9cart entre le mythe et<br>la r\u00e9alit\u00e9 que nous voulons sonder et qui nous semble f\u00e9cond.<br>En immersion dans les bois, nous partons en qu\u00eate d\u2019un dialogue entre une femme<br>et la nature. La for\u00eat, \u00e0 la fois d\u00e9cor et personnage, nous semble un terrain de<br>jeu id\u00e9al pour questionner le rapport humain \u00e0 toutes les formes de vivant.<\/p>\n\n\n\n<p>Une cr\u00e9ation de PRIS DANS LES PHARES, <br>\u00e9criture et mise en sc\u00e8ne : Laurette Tessier<br>\u00e9criture et jeu : Charlotte Desserre<\/p>\n\n\n\n<figure class=\"wp-block-gallery columns-3 is-cropped\"><ul class=\"blocks-gallery-grid\"><li class=\"blocks-gallery-item\"><figure><img loading=\"lazy\" width=\"788\" height=\"1024\" src=\"https:\/\/unfestivalavillereal.org\/wp-content\/uploads\/2022\/10\/UFAV_003_DSF9621-788x1024.jpg\" alt=\"\" data-id=\"1755\" data-full-url=\"https:\/\/unfestivalavillereal.org\/wp-content\/uploads\/2022\/10\/UFAV_003_DSF9621.jpg\" data-link=\"https:\/\/unfestivalavillereal.org\/index.php\/a-la-recherche-de-la-troisieme-fougeres-a-droite\/ufav_003_dsf9621\/\" class=\"wp-image-1755\" srcset=\"https:\/\/unfestivalavillereal.org\/wp-content\/uploads\/2022\/10\/UFAV_003_DSF9621-788x1024.jpg 788w, https:\/\/unfestivalavillereal.org\/wp-content\/uploads\/2022\/10\/UFAV_003_DSF9621-231x300.jpg 231w, https:\/\/unfestivalavillereal.org\/wp-content\/uploads\/2022\/10\/UFAV_003_DSF9621-768x998.jpg 768w, https:\/\/unfestivalavillereal.org\/wp-content\/uploads\/2022\/10\/UFAV_003_DSF9621-1182x1536.jpg 1182w, https:\/\/unfestivalavillereal.org\/wp-content\/uploads\/2022\/10\/UFAV_003_DSF9621.jpg 1576w\" sizes=\"(max-width: 767px) 89vw, (max-width: 1000px) 54vw, (max-width: 1071px) 543px, 580px\" \/><\/figure><\/li><li class=\"blocks-gallery-item\"><figure><img loading=\"lazy\" width=\"788\" height=\"1024\" src=\"https:\/\/unfestivalavillereal.org\/wp-content\/uploads\/2022\/10\/UFAV_004_DSF9683-788x1024.jpg\" alt=\"\" data-id=\"1758\" data-full-url=\"https:\/\/unfestivalavillereal.org\/wp-content\/uploads\/2022\/10\/UFAV_004_DSF9683.jpg\" data-link=\"https:\/\/unfestivalavillereal.org\/ufav_004_dsf9683\/\" class=\"wp-image-1758\" srcset=\"https:\/\/unfestivalavillereal.org\/wp-content\/uploads\/2022\/10\/UFAV_004_DSF9683-788x1024.jpg 788w, https:\/\/unfestivalavillereal.org\/wp-content\/uploads\/2022\/10\/UFAV_004_DSF9683-231x300.jpg 231w, https:\/\/unfestivalavillereal.org\/wp-content\/uploads\/2022\/10\/UFAV_004_DSF9683-768x998.jpg 768w, https:\/\/unfestivalavillereal.org\/wp-content\/uploads\/2022\/10\/UFAV_004_DSF9683-1182x1536.jpg 1182w, https:\/\/unfestivalavillereal.org\/wp-content\/uploads\/2022\/10\/UFAV_004_DSF9683.jpg 1576w\" sizes=\"(max-width: 767px) 89vw, (max-width: 1000px) 54vw, (max-width: 1071px) 543px, 580px\" \/><\/figure><\/li><li class=\"blocks-gallery-item\"><figure><img loading=\"lazy\" width=\"788\" height=\"1024\" src=\"https:\/\/unfestivalavillereal.org\/wp-content\/uploads\/2022\/10\/UFAV_014_DSF9643-788x1024.jpg\" alt=\"\" data-id=\"1761\" data-full-url=\"https:\/\/unfestivalavillereal.org\/wp-content\/uploads\/2022\/10\/UFAV_014_DSF9643.jpg\" data-link=\"https:\/\/unfestivalavillereal.org\/ufav_014_dsf9643\/\" class=\"wp-image-1761\" srcset=\"https:\/\/unfestivalavillereal.org\/wp-content\/uploads\/2022\/10\/UFAV_014_DSF9643-788x1024.jpg 788w, https:\/\/unfestivalavillereal.org\/wp-content\/uploads\/2022\/10\/UFAV_014_DSF9643-231x300.jpg 231w, https:\/\/unfestivalavillereal.org\/wp-content\/uploads\/2022\/10\/UFAV_014_DSF9643-768x998.jpg 768w, https:\/\/unfestivalavillereal.org\/wp-content\/uploads\/2022\/10\/UFAV_014_DSF9643-1182x1536.jpg 1182w, https:\/\/unfestivalavillereal.org\/wp-content\/uploads\/2022\/10\/UFAV_014_DSF9643.jpg 1576w\" sizes=\"(max-width: 767px) 89vw, (max-width: 1000px) 54vw, (max-width: 1071px) 543px, 580px\" \/><\/figure><\/li><li class=\"blocks-gallery-item\"><figure><img loading=\"lazy\" width=\"1024\" height=\"771\" src=\"https:\/\/unfestivalavillereal.org\/wp-content\/uploads\/2022\/10\/UFAV_008_DSF9669-1024x771.jpg\" alt=\"\" data-id=\"1763\" data-full-url=\"https:\/\/unfestivalavillereal.org\/wp-content\/uploads\/2022\/10\/UFAV_008_DSF9669.jpg\" data-link=\"https:\/\/unfestivalavillereal.org\/ufav_008_dsf9669\/\" class=\"wp-image-1763\" srcset=\"https:\/\/unfestivalavillereal.org\/wp-content\/uploads\/2022\/10\/UFAV_008_DSF9669-1024x771.jpg 1024w, https:\/\/unfestivalavillereal.org\/wp-content\/uploads\/2022\/10\/UFAV_008_DSF9669-300x226.jpg 300w, https:\/\/unfestivalavillereal.org\/wp-content\/uploads\/2022\/10\/UFAV_008_DSF9669-768x578.jpg 768w, https:\/\/unfestivalavillereal.org\/wp-content\/uploads\/2022\/10\/UFAV_008_DSF9669-1536x1156.jpg 1536w, https:\/\/unfestivalavillereal.org\/wp-content\/uploads\/2022\/10\/UFAV_008_DSF9669.jpg 2048w\" sizes=\"(max-width: 767px) 89vw, (max-width: 1000px) 54vw, (max-width: 1071px) 543px, 580px\" \/><\/figure><\/li><li class=\"blocks-gallery-item\"><figure><img loading=\"lazy\" width=\"1024\" height=\"771\" src=\"https:\/\/unfestivalavillereal.org\/wp-content\/uploads\/2022\/10\/UFAV_005_DSF9685-1024x771.jpg\" alt=\"\" data-id=\"1759\" data-full-url=\"https:\/\/unfestivalavillereal.org\/wp-content\/uploads\/2022\/10\/UFAV_005_DSF9685.jpg\" data-link=\"https:\/\/unfestivalavillereal.org\/ufav_005_dsf9685\/\" class=\"wp-image-1759\" srcset=\"https:\/\/unfestivalavillereal.org\/wp-content\/uploads\/2022\/10\/UFAV_005_DSF9685-1024x771.jpg 1024w, https:\/\/unfestivalavillereal.org\/wp-content\/uploads\/2022\/10\/UFAV_005_DSF9685-300x226.jpg 300w, https:\/\/unfestivalavillereal.org\/wp-content\/uploads\/2022\/10\/UFAV_005_DSF9685-768x578.jpg 768w, https:\/\/unfestivalavillereal.org\/wp-content\/uploads\/2022\/10\/UFAV_005_DSF9685-1536x1156.jpg 1536w, https:\/\/unfestivalavillereal.org\/wp-content\/uploads\/2022\/10\/UFAV_005_DSF9685.jpg 2048w\" sizes=\"(max-width: 767px) 89vw, (max-width: 1000px) 54vw, (max-width: 1071px) 543px, 580px\" \/><\/figure><\/li><\/ul><figcaption class=\"blocks-gallery-caption\">\u00a9Team Lovebirds<\/figcaption><\/figure>\n\n\n\n<p><\/p>\n","protected":false},"excerpt":{"rendered":"<p>de PRIS DANS LES PHARES \u00ab Je quitte tout, je m&rsquo;installe dans une cabane au fond des bois \u00bb.Tandis que poussent partout des initiatives \u00e9cologiques, nous avons envie dequestionner notre capacit\u00e9 de passer \u00e0 l\u2019action. C\u2019est l\u2019\u00e9cart entre le mythe etla r\u00e9alit\u00e9 que nous voulons sonder et qui nous semble f\u00e9cond.En immersion dans les bois, &hellip; <\/p>\n<p class=\"link-more\"><a href=\"https:\/\/unfestivalavillereal.org\/index.php\/a-la-recherche-de-la-troisieme-fougeres-a-droite\/\" class=\"more-link\">Continuer la lecture<span class=\"screen-reader-text\"> de &laquo;&nbsp;A LA RECHERCHE DE LA TROISI\u00c8ME FOUG\u00c8RE A DROITE&nbsp;&raquo;<\/span><\/a><\/p>\n","protected":false},"author":1,"featured_media":0,"parent":0,"menu_order":0,"comment_status":"closed","ping_status":"closed","template":"","meta":[],"_links":{"self":[{"href":"https:\/\/unfestivalavillereal.org\/index.php\/wp-json\/wp\/v2\/pages\/1599"}],"collection":[{"href":"https:\/\/unfestivalavillereal.org\/index.php\/wp-json\/wp\/v2\/pages"}],"about":[{"href":"https:\/\/unfestivalavillereal.org\/index.php\/wp-json\/wp\/v2\/types\/page"}],"author":[{"embeddable":true,"href":"https:\/\/unfestivalavillereal.org\/index.php\/wp-json\/wp\/v2\/users\/1"}],"replies":[{"embeddable":true,"href":"https:\/\/unfestivalavillereal.org\/index.php\/wp-json\/wp\/v2\/comments?post=1599"}],"version-history":[{"count":11,"href":"https:\/\/unfestivalavillereal.org\/index.php\/wp-json\/wp\/v2\/pages\/1599\/revisions"}],"predecessor-version":[{"id":1817,"href":"https:\/\/unfestivalavillereal.org\/index.php\/wp-json\/wp\/v2\/pages\/1599\/revisions\/1817"}],"wp:attachment":[{"href":"https:\/\/unfestivalavillereal.org\/index.php\/wp-json\/wp\/v2\/media?parent=1599"}],"curies":[{"name":"wp","href":"https:\/\/api.w.org\/{rel}","templated":true}]}}