{"id":1603,"date":"2022-06-20T17:17:05","date_gmt":"2022-06-20T15:17:05","guid":{"rendered":"https:\/\/unfestivalavillereal.org\/?page_id=1603"},"modified":"2022-10-05T16:55:43","modified_gmt":"2022-10-05T14:55:43","slug":"savane","status":"publish","type":"page","link":"https:\/\/unfestivalavillereal.org\/index.php\/savane\/","title":{"rendered":"SAVANE"},"content":{"rendered":"\n<p>d&rsquo;<strong>Antoine Trouillard<\/strong><\/p>\n\n\n\n<p>Une pi\u00e8ce loufoque en forme de cabaret des animaux sur fond de cha\u00eene alimentaire du<br>vivant. O\u00f9 le lion convoite la grue qui convoite la grenouille qui convoite le moustique&#8230; jusqu\u2019au r\u00e9veil furieux de l\u2019hippopotame d\u00e9rang\u00e9 dans son bain de boue ! De son r\u00f4le d\u2019arbitre suppos\u00e9 impartial, spectateur amus\u00e9 des conflits aveugles du monde animal, l\u2019homme va soudain se trouver lui-m\u00eame mis en question par une alliance impromptue des animaux, et engag\u00e9 \u00e0 porter une parole commune envers ses semblables : Un chant de vie, de respect, de libert\u00e9 \u2013 face au d\u00e9sert qui menace de s\u2019\u00e9tendre. <\/p>\n\n\n\n<p>\u00c9criture, mis en sc\u00e8ne et interpr\u00e9tation <strong>Antoine Trouillard <\/strong><br>Regard ext\u00e9rieur<strong> Julien Marot<\/strong><br>Une production de <strong>Contes et musiques de l&rsquo;Entre-deux-monde<\/strong><\/p>\n\n\n\n<p>Cor\u00e9alisation <strong>Keraunos et Vous \u00eates ici <\/strong><\/p>\n\n\n\n<figure class=\"wp-block-gallery columns-1 is-cropped\"><ul class=\"blocks-gallery-grid\"><li class=\"blocks-gallery-item\"><figure><img loading=\"lazy\" width=\"1024\" height=\"771\" src=\"https:\/\/unfestivalavillereal.org\/wp-content\/uploads\/2022\/10\/UFAV_001_DSF0576-1024x771.jpg\" alt=\"\" data-id=\"1795\" data-full-url=\"https:\/\/unfestivalavillereal.org\/wp-content\/uploads\/2022\/10\/UFAV_001_DSF0576.jpg\" data-link=\"https:\/\/unfestivalavillereal.org\/ufav_001_dsf0576\/\" class=\"wp-image-1795\" srcset=\"https:\/\/unfestivalavillereal.org\/wp-content\/uploads\/2022\/10\/UFAV_001_DSF0576-1024x771.jpg 1024w, https:\/\/unfestivalavillereal.org\/wp-content\/uploads\/2022\/10\/UFAV_001_DSF0576-300x226.jpg 300w, https:\/\/unfestivalavillereal.org\/wp-content\/uploads\/2022\/10\/UFAV_001_DSF0576-768x578.jpg 768w, https:\/\/unfestivalavillereal.org\/wp-content\/uploads\/2022\/10\/UFAV_001_DSF0576-1536x1156.jpg 1536w, https:\/\/unfestivalavillereal.org\/wp-content\/uploads\/2022\/10\/UFAV_001_DSF0576.jpg 2048w\" sizes=\"(max-width: 767px) 89vw, (max-width: 1000px) 54vw, (max-width: 1071px) 543px, 580px\" \/><\/figure><\/li><\/ul><\/figure>\n","protected":false},"excerpt":{"rendered":"<p>d&rsquo;Antoine Trouillard Une pi\u00e8ce loufoque en forme de cabaret des animaux sur fond de cha\u00eene alimentaire duvivant. O\u00f9 le lion convoite la grue qui convoite la grenouille qui convoite le moustique&#8230; jusqu\u2019au r\u00e9veil furieux de l\u2019hippopotame d\u00e9rang\u00e9 dans son bain de boue ! De son r\u00f4le d\u2019arbitre suppos\u00e9 impartial, spectateur amus\u00e9 des conflits aveugles du &hellip; <\/p>\n<p class=\"link-more\"><a href=\"https:\/\/unfestivalavillereal.org\/index.php\/savane\/\" class=\"more-link\">Continuer la lecture<span class=\"screen-reader-text\"> de &laquo;&nbsp;SAVANE&nbsp;&raquo;<\/span><\/a><\/p>\n","protected":false},"author":1,"featured_media":0,"parent":0,"menu_order":0,"comment_status":"closed","ping_status":"closed","template":"","meta":[],"_links":{"self":[{"href":"https:\/\/unfestivalavillereal.org\/index.php\/wp-json\/wp\/v2\/pages\/1603"}],"collection":[{"href":"https:\/\/unfestivalavillereal.org\/index.php\/wp-json\/wp\/v2\/pages"}],"about":[{"href":"https:\/\/unfestivalavillereal.org\/index.php\/wp-json\/wp\/v2\/types\/page"}],"author":[{"embeddable":true,"href":"https:\/\/unfestivalavillereal.org\/index.php\/wp-json\/wp\/v2\/users\/1"}],"replies":[{"embeddable":true,"href":"https:\/\/unfestivalavillereal.org\/index.php\/wp-json\/wp\/v2\/comments?post=1603"}],"version-history":[{"count":3,"href":"https:\/\/unfestivalavillereal.org\/index.php\/wp-json\/wp\/v2\/pages\/1603\/revisions"}],"predecessor-version":[{"id":1811,"href":"https:\/\/unfestivalavillereal.org\/index.php\/wp-json\/wp\/v2\/pages\/1603\/revisions\/1811"}],"wp:attachment":[{"href":"https:\/\/unfestivalavillereal.org\/index.php\/wp-json\/wp\/v2\/media?parent=1603"}],"curies":[{"name":"wp","href":"https:\/\/api.w.org\/{rel}","templated":true}]}}