{"id":1623,"date":"2022-06-20T12:49:18","date_gmt":"2022-06-20T10:49:18","guid":{"rendered":"https:\/\/unfestivalavillereal.org\/?page_id=1623"},"modified":"2024-06-10T15:43:56","modified_gmt":"2024-06-10T13:43:56","slug":"edition-2022","status":"publish","type":"page","link":"https:\/\/unfestivalavillereal.org\/index.php\/edition-2022\/","title":{"rendered":"\u00c9dition 2024"},"content":{"rendered":"\n<p>La 15\u00e8me \u00e9dition d&rsquo;Un Festival \u00e0 Viller\u00e9al aura lieue du 3 au 10 juillet 2024.<\/p>\n\n\n\n<p>La programmation est arriv\u00e9e  !<\/p>\n\n\n\n<div class=\"wp-block-file\"><a href=\"https:\/\/unfestivalavillereal.org\/wp-content\/uploads\/2024\/06\/FESTIVAL_ecran__Programme3_1-1.png\">PROGRAMME FESTIVAL 2024<\/a><a href=\"https:\/\/unfestivalavillereal.org\/wp-content\/uploads\/2024\/06\/FESTIVAL_ecran__Programme3_1-1.png\" class=\"wp-block-file__button\" download>T\u00e9l\u00e9charger<\/a><\/div>\n\n\n\n<figure class=\"wp-block-image size-large\"><img loading=\"lazy\" width=\"724\" height=\"1024\" src=\"https:\/\/unfestivalavillereal.org\/wp-content\/uploads\/2024\/06\/AFFICHE_UN-FESTIVAL-A-VILLEREAL-1-724x1024.jpg\" alt=\"\" class=\"wp-image-2049\" srcset=\"https:\/\/unfestivalavillereal.org\/wp-content\/uploads\/2024\/06\/AFFICHE_UN-FESTIVAL-A-VILLEREAL-1-724x1024.jpg 724w, https:\/\/unfestivalavillereal.org\/wp-content\/uploads\/2024\/06\/AFFICHE_UN-FESTIVAL-A-VILLEREAL-1-212x300.jpg 212w, https:\/\/unfestivalavillereal.org\/wp-content\/uploads\/2024\/06\/AFFICHE_UN-FESTIVAL-A-VILLEREAL-1-768x1086.jpg 768w, https:\/\/unfestivalavillereal.org\/wp-content\/uploads\/2024\/06\/AFFICHE_UN-FESTIVAL-A-VILLEREAL-1-1086x1536.jpg 1086w, https:\/\/unfestivalavillereal.org\/wp-content\/uploads\/2024\/06\/AFFICHE_UN-FESTIVAL-A-VILLEREAL-1-1448x2048.jpg 1448w, https:\/\/unfestivalavillereal.org\/wp-content\/uploads\/2024\/06\/AFFICHE_UN-FESTIVAL-A-VILLEREAL-1.jpg 1754w\" sizes=\"(max-width: 724px) 100vw, 724px\" \/><\/figure>\n","protected":false},"excerpt":{"rendered":"<p>La 15\u00e8me \u00e9dition d&rsquo;Un Festival \u00e0 Viller\u00e9al aura lieue du 3 au 10 juillet 2024. La programmation est arriv\u00e9e !<\/p>\n","protected":false},"author":1,"featured_media":0,"parent":0,"menu_order":0,"comment_status":"closed","ping_status":"closed","template":"","meta":[],"_links":{"self":[{"href":"https:\/\/unfestivalavillereal.org\/index.php\/wp-json\/wp\/v2\/pages\/1623"}],"collection":[{"href":"https:\/\/unfestivalavillereal.org\/index.php\/wp-json\/wp\/v2\/pages"}],"about":[{"href":"https:\/\/unfestivalavillereal.org\/index.php\/wp-json\/wp\/v2\/types\/page"}],"author":[{"embeddable":true,"href":"https:\/\/unfestivalavillereal.org\/index.php\/wp-json\/wp\/v2\/users\/1"}],"replies":[{"embeddable":true,"href":"https:\/\/unfestivalavillereal.org\/index.php\/wp-json\/wp\/v2\/comments?post=1623"}],"version-history":[{"count":10,"href":"https:\/\/unfestivalavillereal.org\/index.php\/wp-json\/wp\/v2\/pages\/1623\/revisions"}],"predecessor-version":[{"id":2050,"href":"https:\/\/unfestivalavillereal.org\/index.php\/wp-json\/wp\/v2\/pages\/1623\/revisions\/2050"}],"wp:attachment":[{"href":"https:\/\/unfestivalavillereal.org\/index.php\/wp-json\/wp\/v2\/media?parent=1623"}],"curies":[{"name":"wp","href":"https:\/\/api.w.org\/{rel}","templated":true}]}}