{"id":2078,"date":"2024-06-10T17:30:55","date_gmt":"2024-06-10T15:30:55","guid":{"rendered":"https:\/\/unfestivalavillereal.org\/?page_id=2078"},"modified":"2024-06-20T16:27:40","modified_gmt":"2024-06-20T14:27:40","slug":"des-dragons-dans-les-halls","status":"publish","type":"page","link":"https:\/\/unfestivalavillereal.org\/index.php\/des-dragons-dans-les-halls\/","title":{"rendered":"DES DRAGONS DANS LES HALLS"},"content":{"rendered":"\n<p><em>de Julien Villa<\/em><br>Dur\u00e9e 1h<\/p>\n\n\n\n<p>Jules Lopez alias \u00ab Julo le gros \u00bb, est un jeune adolescent ob\u00e8se vivant \u00e0 La Croix d\u2019Argent, un quartier populaire de Montpellier, dans les ann\u00e9es 90.<br>Dans le monde de Julo, la t\u00e9l\u00e9 est allum\u00e9e tout le temps.<br>Les adolescents se gavent de dessins anim\u00e9s japonais.<br>Dragon Ball, anim\u00e9 tir\u00e9 du Manga de Akira Toriyama, est leur pr\u00e9f\u00e9r\u00e9.<br>Il met en sc\u00e8ne les aventures de San Goku, un jeune guerrier humano\u00efde \u00e0 queue de singe.<br>Entour\u00e9 d\u2019une \u00e9quipe constitu\u00e9e d\u2019amis et d\u2019anciens ennemis ralli\u00e9s \u00e0 sa cause, il s\u2019entra\u00eene sans rel\u00e2che pour faire face \u00e0 des adversaires de plus en plus puissants.<br>Cet univers d\u2019entra\u00eenements surhumains et de combats infinis est un refuge pour Julo et ses amis immerg\u00e9s dans un quotidien fait de pr\u00e9carit\u00e9, de deal et de drogue.<br>En grandissant, Julo et ses camarades d\u00e9couvrent l\u2019art de la Parole : la musique rap.<\/p>\n\n\n\n<p><br><strong>LECTURE 1 et 2 <\/strong>: Lecture de passages du roman Des dragons dans<br>les halls par Julien Villa.<br><strong>Les 4 et 5 juillet \u00e0 15h<\/strong><\/p>\n\n\n\n<p><br><strong>LE CHANT DES VOYOUS<\/strong> : performance collective m\u00ealant lecture de<br>passages du roman Des dragons dans les halls et textes chant\u00e9s des<br>rappeurs bergeracois; le tout accompagn\u00e9 en musique par Tristan Ikor.<br><strong>Le 6 juillet \u00e0 18h30<\/strong><\/p>\n\n\n\n<p><br><strong>LECTURE 3 <\/strong>: Lecture de passages du roman Des dragons dans les<br>halls accompagn\u00e9 en musique par Tristan Ikor.<br><strong>Le 8 juillet \u00e0 15h<\/strong><\/p>\n\n\n\n<p>Mise en sc\u00e8ne, jeu et \u00e9criture <strong>Julien Villa<\/strong>, cr\u00e9ation sonore<strong> Tristan<br>Ikor<\/strong>, interpr\u00e8tes et co-\u00e9criture pour Le chant des voyous des<br><strong>rappeurs du bergeracois<\/strong> : <strong>Heaven, Nesi et Mortex.<\/strong><\/p>\n\n\n\n<p>Production <strong>La Gare Mondiale<\/strong><\/p>\n","protected":false},"excerpt":{"rendered":"<p>de Julien VillaDur\u00e9e 1h Jules Lopez alias \u00ab Julo le gros \u00bb, est un jeune adolescent ob\u00e8se vivant \u00e0 La Croix d\u2019Argent, un quartier populaire de Montpellier, dans les ann\u00e9es 90.Dans le monde de Julo, la t\u00e9l\u00e9 est allum\u00e9e tout le temps.Les adolescents se gavent de dessins anim\u00e9s japonais.Dragon Ball, anim\u00e9 tir\u00e9 du Manga de &hellip; <\/p>\n<p class=\"link-more\"><a href=\"https:\/\/unfestivalavillereal.org\/index.php\/des-dragons-dans-les-halls\/\" class=\"more-link\">Continuer la lecture<span class=\"screen-reader-text\"> de &laquo;&nbsp;DES DRAGONS DANS LES HALLS&nbsp;&raquo;<\/span><\/a><\/p>\n","protected":false},"author":1,"featured_media":0,"parent":0,"menu_order":0,"comment_status":"closed","ping_status":"closed","template":"","meta":[],"_links":{"self":[{"href":"https:\/\/unfestivalavillereal.org\/index.php\/wp-json\/wp\/v2\/pages\/2078"}],"collection":[{"href":"https:\/\/unfestivalavillereal.org\/index.php\/wp-json\/wp\/v2\/pages"}],"about":[{"href":"https:\/\/unfestivalavillereal.org\/index.php\/wp-json\/wp\/v2\/types\/page"}],"author":[{"embeddable":true,"href":"https:\/\/unfestivalavillereal.org\/index.php\/wp-json\/wp\/v2\/users\/1"}],"replies":[{"embeddable":true,"href":"https:\/\/unfestivalavillereal.org\/index.php\/wp-json\/wp\/v2\/comments?post=2078"}],"version-history":[{"count":3,"href":"https:\/\/unfestivalavillereal.org\/index.php\/wp-json\/wp\/v2\/pages\/2078\/revisions"}],"predecessor-version":[{"id":2152,"href":"https:\/\/unfestivalavillereal.org\/index.php\/wp-json\/wp\/v2\/pages\/2078\/revisions\/2152"}],"wp:attachment":[{"href":"https:\/\/unfestivalavillereal.org\/index.php\/wp-json\/wp\/v2\/media?parent=2078"}],"curies":[{"name":"wp","href":"https:\/\/api.w.org\/{rel}","templated":true}]}}