{"id":2082,"date":"2024-06-10T17:37:05","date_gmt":"2024-06-10T15:37:05","guid":{"rendered":"https:\/\/unfestivalavillereal.org\/?page_id=2082"},"modified":"2024-06-10T17:37:12","modified_gmt":"2024-06-10T15:37:12","slug":"ainsi-nous-leurs-faisons-la-guerre","status":"publish","type":"page","link":"https:\/\/unfestivalavillereal.org\/index.php\/ainsi-nous-leurs-faisons-la-guerre\/","title":{"rendered":"AINSI NOUS LEURS FAISONS LA GUERRE"},"content":{"rendered":"\n<p><em>de Joseph Andras<\/em><\/p>\n\n\n\n<p><strong>Le 8 juillet :<\/strong><br><strong>\u00e0 11h panneau 1 : le chien (45 min)<br>\u00e0 14h panneau 2 : le singe (35 min)<br>\u00e0 18h panneau 3 : la vache (25 min)<\/strong><\/p>\n\n\n\n<p>De retour \u00e0 Viller\u00e9al apr\u00e8s y avoir cr\u00e9\u00e9 Villa en 2016, nous voici avec<br>un nouveau texte coup de poing. \u00c0 travers des histoires d\u2019animaux,<br>un chien, un singe, une vache, Joseph Andras dans son essai Ainsi<br>nous leur faisons la guerre nous parle convergence des luttes,<br>antisp\u00e9cisme, f\u00e9minisme et socialisme.<br>Nous vous proposons la lecture de ces 3 panneaux sous forme<br>de feuilleton.<\/p>\n\n\n\n<p>Lecture <strong>Cyahn Monfajon Defendini, Elias Defendini Verhees,<br>Fabien Defendini, Laeticia Defendini, Salvador Defendini Sir\u00e9<br>et Sarah Sir\u00e9.<\/strong><\/p>\n","protected":false},"excerpt":{"rendered":"<p>de Joseph Andras Le 8 juillet :\u00e0 11h panneau 1 : le chien (45 min)\u00e0 14h panneau 2 : le singe (35 min)\u00e0 18h panneau 3 : la vache (25 min) De retour \u00e0 Viller\u00e9al apr\u00e8s y avoir cr\u00e9\u00e9 Villa en 2016, nous voici avecun nouveau texte coup de poing. \u00c0 travers des histoires d\u2019animaux,un &hellip; <\/p>\n<p class=\"link-more\"><a href=\"https:\/\/unfestivalavillereal.org\/index.php\/ainsi-nous-leurs-faisons-la-guerre\/\" class=\"more-link\">Continuer la lecture<span class=\"screen-reader-text\"> de &laquo;&nbsp;AINSI NOUS LEURS FAISONS LA GUERRE&nbsp;&raquo;<\/span><\/a><\/p>\n","protected":false},"author":1,"featured_media":0,"parent":0,"menu_order":0,"comment_status":"closed","ping_status":"closed","template":"","meta":[],"_links":{"self":[{"href":"https:\/\/unfestivalavillereal.org\/index.php\/wp-json\/wp\/v2\/pages\/2082"}],"collection":[{"href":"https:\/\/unfestivalavillereal.org\/index.php\/wp-json\/wp\/v2\/pages"}],"about":[{"href":"https:\/\/unfestivalavillereal.org\/index.php\/wp-json\/wp\/v2\/types\/page"}],"author":[{"embeddable":true,"href":"https:\/\/unfestivalavillereal.org\/index.php\/wp-json\/wp\/v2\/users\/1"}],"replies":[{"embeddable":true,"href":"https:\/\/unfestivalavillereal.org\/index.php\/wp-json\/wp\/v2\/comments?post=2082"}],"version-history":[{"count":2,"href":"https:\/\/unfestivalavillereal.org\/index.php\/wp-json\/wp\/v2\/pages\/2082\/revisions"}],"predecessor-version":[{"id":2084,"href":"https:\/\/unfestivalavillereal.org\/index.php\/wp-json\/wp\/v2\/pages\/2082\/revisions\/2084"}],"wp:attachment":[{"href":"https:\/\/unfestivalavillereal.org\/index.php\/wp-json\/wp\/v2\/media?parent=2082"}],"curies":[{"name":"wp","href":"https:\/\/api.w.org\/{rel}","templated":true}]}}